{"id":1189,"date":"2023-12-14T05:48:39","date_gmt":"2023-12-14T05:48:39","guid":{"rendered":"https:\/\/seargin.xpressbuddy.com\/?page_id=1189"},"modified":"2025-07-04T21:05:38","modified_gmt":"2025-07-04T21:05:38","slug":"faq","status":"publish","type":"page","link":"https:\/\/caglacelik.com\/tr_tr\/faq\/","title":{"rendered":"FAQ"},"content":{"rendered":"\t\t<div data-elementor-type=\"wp-page\" data-elementor-id=\"1189\" class=\"elementor elementor-1189\">\n\t\t\t\t\t\t<section class=\"elementor-section elementor-top-section elementor-element elementor-element-45e6517 elementor-section-boxed elementor-section-height-default elementor-section-height-default\" data-id=\"45e6517\" data-element_type=\"section\">\n\t\t\t\t\t\t<div class=\"elementor-container elementor-column-gap-default\">\n\t\t\t\t\t<div class=\"elementor-column elementor-col-100 elementor-top-column elementor-element elementor-element-e06a02b\" data-id=\"e06a02b\" data-element_type=\"column\">\n\t\t\t<div class=\"elementor-widget-wrap elementor-element-populated\">\n\t\t\t\t\t\t<div class=\"elementor-element elementor-element-643e6398 elementor-widget elementor-widget-int-sec-title\" data-id=\"643e6398\" data-element_type=\"widget\" data-widget_type=\"int-sec-title.default\">\n\t\t\t\t<div class=\"elementor-widget-container\">\n\t\t\t\t\t                <div class=\"sec-title\">\r\n                            <h2 class=\"title\">S\u0131k\u00e7a sorulan <br>\nSorular<\/h2>\r\n                    <\/div>\r\n    \t\t\t\t<\/div>\n\t\t\t\t<\/div>\n\t\t\t\t<div class=\"elementor-element elementor-element-688c8cec elementor-widget elementor-widget-int-faq\" data-id=\"688c8cec\" data-element_type=\"widget\" data-widget_type=\"int-faq.default\">\n\t\t\t\t<div class=\"elementor-widget-container\">\n\t\t\t\t\t\r\n        <ul class=\"xb-accordion accordion_box clearfix\">\r\n\r\n                            <li class=\"accordion block \">\r\n                    <div class=\"acc-btn\">\r\n                        Psikolojik destek almak i\u00e7in nas\u0131l ba\u015fvurabilirim?                        <span class=\"arrow\"><\/span>\r\n                    <\/div>\r\n                    <div class=\"acc_body \">\r\n                        <div class=\"content\">\r\n                            <p>Bana ula\u015farak ilk randevunuzu ayarlayabilirsiniz. \u0130lk seansta sizi dinleyip, beklentilerinizi ve hedeflerinizi de\u011ferlendirece\u011fiz.<\/p>                        <\/div>\r\n                    <\/div>\r\n                <\/li>\r\n                            <li class=\"accordion block active-block\">\r\n                    <div class=\"acc-btn\">\r\n                         Seanslar ne kadar s\u00fcrer ve s\u0131kl\u0131\u011f\u0131 ne olmal\u0131d\u0131r?                        <span class=\"arrow\"><\/span>\r\n                    <\/div>\r\n                    <div class=\"acc_body current\">\r\n                        <div class=\"content\">\r\n                            <p>Genellikle seanslar 45-60 dakika s\u00fcrer. S\u0131kl\u0131k, ihtiya\u00e7lar\u0131n\u0131za g\u00f6re haftada bir veya iki haftada bir olabilir; s\u00fcreci birlikte planlar\u0131z.<\/p>                        <\/div>\r\n                    <\/div>\r\n                <\/li>\r\n                            <li class=\"accordion block \">\r\n                    <div class=\"acc-btn\">\r\n                        Gizlilik konusunda ne kadar g\u00fcvenebilirim?                        <span class=\"arrow\"><\/span>\r\n                    <\/div>\r\n                    <div class=\"acc_body \">\r\n                        <div class=\"content\">\r\n                            <p>Payla\u015f\u0131mlar\u0131n\u0131z tamamen gizlidir. Etik kurallar gere\u011fi, bilgileriniz sizin izniniz olmadan \u00fc\u00e7\u00fcnc\u00fc ki\u015filerle payla\u015f\u0131lmaz.<\/p>                        <\/div>\r\n                    <\/div>\r\n                <\/li>\r\n                            <li class=\"accordion block \">\r\n                    <div class=\"acc-btn\">\r\n                        Terapinin etkisini ne zaman hissetmeye ba\u015flar\u0131m?                        <span class=\"arrow\"><\/span>\r\n                    <\/div>\r\n                    <div class=\"acc_body \">\r\n                        <div class=\"content\">\r\n                            <p>Terapinin etkisi ki\u015fiye, s\u00fcrece ve ya\u015fan\u0131lan duruma g\u00f6re de\u011fi\u015fir. Kimileri ilk birka\u00e7 seansta rahatlama hissederken, kimileri i\u00e7in bu zaman alabilir. \u00d6nemli olan s\u00fcrece a\u00e7\u0131k olmak ve istikrarl\u0131 \u015fekilde devam etmektir.<\/p><p>\u00a0<\/p>                        <\/div>\r\n                    <\/div>\r\n                <\/li>\r\n                            <li class=\"accordion block \">\r\n                    <div class=\"acc-btn\">\r\n                        \u00c7ift terapisine yaln\u0131z da gelebilir miyim?                        <span class=\"arrow\"><\/span>\r\n                    <\/div>\r\n                    <div class=\"acc_body \">\r\n                        <div class=\"content\">\r\n                            <p>Evet. E\u015finiz kat\u0131lmak istemese bile, ili\u015fkinizle ilgili \u00e7al\u0131\u015fmak i\u00e7in bireysel olarak da ba\u015flayabilirsiniz.<\/p>                        <\/div>\r\n                    <\/div>\r\n                <\/li>\r\n                            <li class=\"accordion block \">\r\n                    <div class=\"acc-btn\">\r\n                        \u00c7ocu\u011fumu terapiye getirmem gerekti\u011fini nas\u0131l anlar\u0131m?                        <span class=\"arrow\"><\/span>\r\n                    <\/div>\r\n                    <div class=\"acc_body \">\r\n                        <div class=\"content\">\r\n                            <p data-start=\"252\" data-end=\"500\">Davran\u0131\u015f de\u011fi\u015fiklikleri, duygusal dalgalanmalar, uyku ya da yemek problemleri gibi durumlar terapiye ihtiya\u00e7 oldu\u011funu g\u00f6sterebilir. Ebeveyn olarak hissettikleriniz de \u00f6nemli bir i\u015farettir.<\/p>                        <\/div>\r\n                    <\/div>\r\n                <\/li>\r\n                    <\/ul>\r\n\r\n        \t\t\t\t<\/div>\n\t\t\t\t<\/div>\n\t\t\t\t\t<\/div>\n\t\t<\/div>\n\t\t\t\t\t<\/div>\n\t\t<\/section>\n\t\t\t\t<\/div>\n\t\t","protected":false},"excerpt":{"rendered":"<p>S\u0131k\u00e7a sorulan Sorular Psikolojik destek almak i\u00e7in nas\u0131l ba\u015fvurabilirim?Bana ula\u015farak ilk randevunuzu ayarlayabilirsiniz. \u0130lk seansta sizi dinleyip, beklentilerinizi ve hedeflerinizi de\u011ferlendirece\u011fiz. Seanslar ne kadar s\u00fcrer ve s\u0131kl\u0131\u011f\u0131 ne olmal\u0131d\u0131r?Genellikle seanslar 45-60 dakika s\u00fcrer. S\u0131kl\u0131k, ihtiya\u00e7lar\u0131n\u0131za g\u00f6re haftada bir veya iki haftada bir olabilir; s\u00fcreci birlikte planlar\u0131z. Gizlilik konusunda ne kadar g\u00fcvenebilirim?Payla\u015f\u0131mlar\u0131n\u0131z tamamen gizlidir. Etik kurallar [&hellip;]<\/p>\n","protected":false},"author":1,"featured_media":0,"parent":0,"menu_order":0,"comment_status":"closed","ping_status":"closed","template":"seargin-template.php","meta":{"inline_featured_image":false,"footnotes":""},"class_list":["post-1189","page","type-page","status-publish","hentry"],"_links":{"self":[{"href":"https:\/\/caglacelik.com\/tr_tr\/wp-json\/wp\/v2\/pages\/1189","targetHints":{"allow":["GET"]}}],"collection":[{"href":"https:\/\/caglacelik.com\/tr_tr\/wp-json\/wp\/v2\/pages"}],"about":[{"href":"https:\/\/caglacelik.com\/tr_tr\/wp-json\/wp\/v2\/types\/page"}],"author":[{"embeddable":true,"href":"https:\/\/caglacelik.com\/tr_tr\/wp-json\/wp\/v2\/users\/1"}],"replies":[{"embeddable":true,"href":"https:\/\/caglacelik.com\/tr_tr\/wp-json\/wp\/v2\/comments?post=1189"}],"version-history":[{"count":4,"href":"https:\/\/caglacelik.com\/tr_tr\/wp-json\/wp\/v2\/pages\/1189\/revisions"}],"predecessor-version":[{"id":1610,"href":"https:\/\/caglacelik.com\/tr_tr\/wp-json\/wp\/v2\/pages\/1189\/revisions\/1610"}],"wp:attachment":[{"href":"https:\/\/caglacelik.com\/tr_tr\/wp-json\/wp\/v2\/media?parent=1189"}],"curies":[{"name":"wp","href":"https:\/\/api.w.org\/{rel}","templated":true}]}}