{"id":20,"date":"2023-11-25T17:10:51","date_gmt":"2023-11-25T17:10:51","guid":{"rendered":"https:\/\/seargin.xpressbuddy.com\/?page_id=20"},"modified":"2025-07-04T21:03:00","modified_gmt":"2025-07-04T21:03:00","slug":"about","status":"publish","type":"page","link":"https:\/\/caglacelik.com\/tr_tr\/about\/","title":{"rendered":"Hakk\u0131mda"},"content":{"rendered":"\t\t<div data-elementor-type=\"wp-page\" data-elementor-id=\"20\" class=\"elementor elementor-20\">\n\t\t\t\t\t\t<section class=\"elementor-section elementor-top-section elementor-element elementor-element-19067bec elementor-section-content-middle elementor-section-boxed elementor-section-height-default elementor-section-height-default\" data-id=\"19067bec\" data-element_type=\"section\">\n\t\t\t\t\t\t<div class=\"elementor-container elementor-column-gap-default\">\n\t\t\t\t\t<div class=\"elementor-column elementor-col-50 elementor-top-column elementor-element elementor-element-63f54a67\" data-id=\"63f54a67\" data-element_type=\"column\">\n\t\t\t<div class=\"elementor-widget-wrap elementor-element-populated\">\n\t\t\t\t\t\t<div class=\"elementor-element elementor-element-f2f2146 elementor-widget elementor-widget-heading\" data-id=\"f2f2146\" data-element_type=\"widget\" data-widget_type=\"heading.default\">\n\t\t\t\t<div class=\"elementor-widget-container\">\n\t\t\t\t\t<h2 class=\"elementor-heading-title elementor-size-default\">Hakk\u0131mda<\/h2>\t\t\t\t<\/div>\n\t\t\t\t<\/div>\n\t\t\t\t<div class=\"elementor-element elementor-element-a9593cc elementor-drop-cap-yes elementor-drop-cap-view-default elementor-widget elementor-widget-text-editor\" data-id=\"a9593cc\" data-element_type=\"widget\" data-settings=\"{&quot;drop_cap&quot;:&quot;yes&quot;}\" data-widget_type=\"text-editor.default\">\n\t\t\t\t<div class=\"elementor-widget-container\">\n\t\t\t\t\t\t\t\t\t<div class=\"flex basis-auto flex-col -mb-(--composer-overlap-px) [--composer-overlap-px:55px] grow overflow-hidden\"><div class=\"relative h-full\"><div class=\"flex h-full flex-col overflow-y-auto [scrollbar-gutter:stable_both-edges] @[84rem]\/thread:pt-(--header-height)\"><div class=\"@thread-xl\/thread:pt-header-height flex flex-col text-sm pb-25\"><article class=\"text-token-text-primary w-full\" dir=\"auto\" data-testid=\"conversation-turn-120\" data-scroll-anchor=\"true\"><div class=\"text-base my-auto mx-auto py-5 [--thread-content-margin:--spacing(4)] @[37rem]:[--thread-content-margin:--spacing(6)] @[72rem]:[--thread-content-margin:--spacing(16)] px-(--thread-content-margin)\"><div class=\"[--thread-content-max-width:32rem] @[34rem]:[--thread-content-max-width:40rem] @[64rem]:[--thread-content-max-width:48rem] mx-auto flex max-w-(--thread-content-max-width) flex-1 text-base gap-4 md:gap-5 lg:gap-6 group\/turn-messages focus-visible:outline-hidden\" tabindex=\"-1\"><div class=\"group\/conversation-turn relative flex w-full min-w-0 flex-col agent-turn\"><div class=\"relative flex-col gap-1 md:gap-3\"><div class=\"flex max-w-full flex-col grow\"><div class=\"min-h-8 text-message relative flex w-full flex-col items-end gap-2 text-start break-words whitespace-normal [.text-message+&amp;]:mt-5\" dir=\"auto\" data-message-author-role=\"assistant\" data-message-id=\"28b84c19-1abe-48ec-8f4e-e15fe79491f4\" data-message-model-slug=\"gpt-4o\"><div class=\"flex w-full flex-col gap-1 empty:hidden first:pt-[3px]\"><div class=\"markdown prose dark:prose-invert w-full break-words dark\"><p data-start=\"263\" data-end=\"360\">Merhaba, ben Psikolog \u00c7a\u011fla \u00c7elik. Ni\u015fanta\u015f\u0131 \u00dcniversitesi Psikoloji B\u00f6l\u00fcm\u00fc (\u0130ngilizce) mezunuyum.<\/p><\/div><p data-start=\"263\" data-end=\"360\">\u00a0<\/p><\/div><div class=\"flex w-full flex-col gap-1 empty:hidden first:pt-[3px]\"><div class=\"markdown prose dark:prose-invert w-full break-words dark\"><p data-start=\"362\" data-end=\"638\">Psikoloji alan\u0131nda ald\u0131\u011f\u0131m \u00e7e\u015fitli e\u011fitimler ve sertifikalarla, ki\u015fisel geli\u015fim ve ruh sa\u011fl\u0131\u011f\u0131 konular\u0131nda dan\u0131\u015fmanl\u0131k hizmeti sunuyorum. Dan\u0131\u015fanlar\u0131m\u0131 olduklar\u0131 gibi kabul ediyor, ihtiya\u00e7lar\u0131n\u0131 dikkatle dinliyor ve g\u00fcvenli, destekleyici bir ortam yaratmaya \u00f6zen g\u00f6steriyorum.<\/p><p data-start=\"640\" data-end=\"751\">Her insan\u0131n kendine \u00f6zg\u00fc bir hik\u00e2yesi oldu\u011funa inan\u0131yor, bu yolculukta onlara e\u015flik etmenin de\u011ferini biliyorum.<\/p><p data-start=\"640\" data-end=\"751\">Yolculu\u011funuzda yaln\u0131z hissetti\u011finizde ve ad\u0131m atmaya haz\u0131r oldu\u011funuz her anda, birlikte ilerlemek i\u00e7in buraday\u0131m.<\/p><\/div><\/div><\/div><\/div><\/div><\/div><\/div><\/div><\/article><\/div><\/div><\/div><\/div><div id=\"thread-bottom-container\" class=\"content-fade relative isolate z-10 w-full basis-auto has-data-has-thread-error:pt-2 has-data-has-thread-error:[box-shadow:var(--sharp-edge-bottom-shadow)] md:border-transparent md:pt-0 dark:border-white\/20 md:dark:border-transparent flex flex-col\"><div id=\"thread-bottom\"><div class=\"text-base mx-auto [--thread-content-margin:--spacing(4)] @[37rem]:[--thread-content-margin:--spacing(6)] @[72rem]:[--thread-content-margin:--spacing(16)] px-(--thread-content-margin)\"><div class=\"[--thread-content-max-width:32rem] @[34rem]:[--thread-content-max-width:40rem] @[64rem]:[--thread-content-max-width:48rem] mx-auto flex max-w-(--thread-content-max-width) flex-1 text-base gap-4 md:gap-5 lg:gap-6\"><div class=\"max-xs:[--force-hide-label:none] relative z-1 flex h-full max-w-full flex-1 flex-col\" role=\"button\" aria-haspopup=\"dialog\" aria-expanded=\"false\" aria-controls=\"radix-\u00abRp4lij59jm595j5\u00bb\" data-state=\"closed\"><div class=\"absolute start-0 end-0 bottom-full z-20\">\u00a0<\/div><form class=\"w-full [view-transition-name:var(--vt-composer)]\" role=\"region\" aria-label=\"Message Composer\" data-type=\"unified-composer\"><div class=\"bg-token-bg-primary flex w-full cursor-text flex-col items-center justify-center overflow-clip bg-clip-padding contain-inline-size dark:bg-[#303030] shadow-short rounded-[28px]\"><div class=\"relative flex w-full items-end px-2.5 py-2.5\"><div class=\"relative flex w-full flex-auto flex-col\"><div class=\"relative mx-2.5 grid grid-cols-[auto_minmax(0,1fr)]\"><div class=\"items-top flex justify-center\"><div>\u00a0<\/div><\/div><\/div><\/div><\/div><\/div><\/form><\/div><\/div><\/div><\/div><\/div>\t\t\t\t\t\t\t\t<\/div>\n\t\t\t\t<\/div>\n\t\t\t\t\t<\/div>\n\t\t<\/div>\n\t\t\t\t<div class=\"elementor-column elementor-col-50 elementor-top-column elementor-element elementor-element-79e7ac9b\" data-id=\"79e7ac9b\" data-element_type=\"column\">\n\t\t\t<div class=\"elementor-widget-wrap elementor-element-populated\">\n\t\t\t\t\t\t<section class=\"elementor-section elementor-inner-section elementor-element elementor-element-531ab86b elementor-section-boxed elementor-section-height-default elementor-section-height-default\" data-id=\"531ab86b\" data-element_type=\"section\">\n\t\t\t\t\t\t<div class=\"elementor-container elementor-column-gap-default\">\n\t\t\t\t\t<div class=\"elementor-column elementor-col-100 elementor-inner-column elementor-element elementor-element-56c775c4\" data-id=\"56c775c4\" data-element_type=\"column\">\n\t\t\t<div class=\"elementor-widget-wrap elementor-element-populated\">\n\t\t\t\t\t\t<div class=\"elementor-element elementor-element-290abb72 elementor-widget elementor-widget-int-icon-box\" data-id=\"290abb72\" data-element_type=\"widget\" data-widget_type=\"int-icon-box.default\">\n\t\t\t\t<div class=\"elementor-widget-container\">\n\t\t\t\t\t\r\n        <div class=\"xb-about-info__item ul_li\">\r\n            <div class=\"xb-item--icon\">\r\n                <svg xmlns=\"http:\/\/www.w3.org\/2000\/svg\" width=\"32\" height=\"32\" viewBox=\"0 0 32 32\" fill=\"none\"><path d=\"M27.9587 21.3333H24.0387C22.3454 21.3333 21.332 22.3466 21.332 24.04V27.96C21.332 29.6533 22.3454 30.6666 24.0387 30.6666H27.9587C29.652 30.6666 30.6654 29.6533 30.6654 27.96V24.04C30.6654 22.3466 29.652 21.3333 27.9587 21.3333ZM28.8387 24.6L25.6787 28.2933C25.5587 28.44 25.372 28.5333 25.1854 28.5333C25.172 28.5333 25.172 28.5333 25.1587 28.5333C24.972 28.5333 24.7987 28.4666 24.6654 28.3333L23.212 26.8933C22.9454 26.6266 22.9454 26.1866 23.212 25.92C23.4787 25.6533 23.9187 25.64 24.1854 25.92L25.1187 26.84L27.7854 23.72C28.0387 23.4266 28.4654 23.4 28.7587 23.64C29.052 23.88 29.0787 24.32 28.8387 24.6Z\" fill=\"#E8FBFF\"><\/path><path opacity=\"0.4\" d=\"M21.3327 27.96V24.04C21.3327 22.3467 22.346 21.3333 24.0393 21.3333H27.9593C28.4927 21.3333 28.946 21.44 29.3327 21.6267C29.3327 21.6133 29.3327 21.6 29.3327 21.5733V10.4133C29.3327 5.55999 26.4393 2.66666 21.586 2.66666H10.4127C5.55935 2.66666 2.66602 5.55999 2.66602 10.4133V21.5733C2.66602 26.44 5.55935 29.3333 10.4127 29.3333H21.5727C21.586 29.3333 21.5993 29.3333 21.626 29.3333C21.4393 28.9467 21.3327 28.4933 21.3327 27.96Z\" fill=\"white\"><\/path><path d=\"M9.33203 19C8.78536 19 8.33203 18.5467 8.33203 18V14C8.33203 13.4533 8.78536 13 9.33203 13C9.8787 13 10.332 13.4533 10.332 14V18C10.332 18.5467 9.8787 19 9.33203 19Z\" fill=\"#E8FBFF\"><\/path><path d=\"M16 19C15.4533 19 15 18.5467 15 18V14C15 13.4533 15.4533 13 16 13C16.5467 13 17 13.4533 17 14V18C17 18.5467 16.5467 19 16 19Z\" fill=\"#E8FBFF\"><\/path><path d=\"M22.666 19C22.1193 19 21.666 18.5467 21.666 18V14C21.666 13.4533 22.1193 13 22.666 13C23.2127 13 23.666 13.4533 23.666 14V18C23.666 18.5467 23.2127 19 22.666 19Z\" fill=\"#E8FBFF\"><\/path><\/svg>            <\/div>\r\n            <div class=\"xb-item--holder\">\r\n                                    <h3 class=\"xb-item--title\">Online Terapi<\/h3>\r\n                                                    <p>Zaman ve mek\u00e2n engeli olmadan, internet \u00fczerinden g\u00f6r\u00fcnt\u00fcl\u00fc g\u00f6r\u00fc\u015fmelerle profesyonel destek sunuyorum. T\u00fcrkiye'nin her yerinden ula\u015fabilirsiniz.<\/p>\r\n                            <\/div>\r\n        <\/div>\r\n        \t\t\t\t<\/div>\n\t\t\t\t<\/div>\n\t\t\t\t<div class=\"elementor-element elementor-element-75859a5 elementor-widget elementor-widget-int-icon-box\" data-id=\"75859a5\" data-element_type=\"widget\" data-widget_type=\"int-icon-box.default\">\n\t\t\t\t<div class=\"elementor-widget-container\">\n\t\t\t\t\t\r\n        <div class=\"xb-about-info__item ul_li\">\r\n            <div class=\"xb-item--icon\">\r\n                <svg xmlns=\"http:\/\/www.w3.org\/2000\/svg\" width=\"32\" height=\"32\" viewBox=\"0 0 32 32\" fill=\"none\"><path d=\"M28.8935 9.26664C28.0402 6.37331 25.6269 3.95997 22.7335 3.10664C20.5335 2.46664 19.0135 2.51997 17.9602 3.30664C16.6935 4.25331 16.5469 5.95997 16.5469 7.17331V10.4933C16.5469 13.7733 18.0402 15.44 20.9735 15.44H24.8002C26.0002 15.44 27.7202 15.2933 28.6669 14.0266C29.4802 12.9866 29.5469 11.4666 28.8935 9.26664Z\" fill=\"white\"><\/path><path opacity=\"0.4\" d=\"M25.2132 17.8133C24.8665 17.4133 24.3599 17.1866 23.8399 17.1866H19.0665C16.7199 17.1866 14.8132 15.28 14.8132 12.9333V8.15996C14.8132 7.63996 14.5865 7.13329 14.1865 6.78662C13.7999 6.43996 13.2665 6.27996 12.7599 6.34662C9.62653 6.74662 6.74653 8.46662 4.86653 11.0533C2.9732 13.6533 2.27986 16.8266 2.87986 20C3.74653 24.5866 7.4132 28.2533 12.0132 29.12C12.7465 29.2666 13.4799 29.3333 14.2132 29.3333C16.6265 29.3333 18.9599 28.5866 20.9465 27.1333C23.5332 25.2533 25.2532 22.3733 25.6532 19.24C25.7199 18.72 25.5599 18.2 25.2132 17.8133Z\" fill=\"white\"><\/path><\/svg>            <\/div>\r\n            <div class=\"xb-item--holder\">\r\n                                    <h3 class=\"xb-item--title\">Y\u00fcz Y\u00fcze Terapi<\/h3>\r\n                                                    <p>\u0130stanbul\u2019daki ofisimde birebir, g\u00fcvenli ve gizlili\u011fe \u00f6nem veren bir ortamda dan\u0131\u015fmanl\u0131k hizmeti sunuyorum.<\/p>\r\n                            <\/div>\r\n        <\/div>\r\n        \t\t\t\t<\/div>\n\t\t\t\t<\/div>\n\t\t\t\t\t<\/div>\n\t\t<\/div>\n\t\t\t\t\t<\/div>\n\t\t<\/section>\n\t\t\t\t\t<\/div>\n\t\t<\/div>\n\t\t\t\t\t<\/div>\n\t\t<\/section>\n\t\t\t\t<section class=\"elementor-section elementor-top-section elementor-element elementor-element-32f8f7d6 elementor-section-boxed elementor-section-height-default elementor-section-height-default\" data-id=\"32f8f7d6\" data-element_type=\"section\" data-settings=\"{&quot;background_background&quot;:&quot;classic&quot;}\">\n\t\t\t\t\t\t<div class=\"elementor-container elementor-column-gap-default\">\n\t\t\t\t\t<div class=\"elementor-column elementor-col-33 elementor-top-column elementor-element elementor-element-8a5ec33\" data-id=\"8a5ec33\" data-element_type=\"column\">\n\t\t\t<div class=\"elementor-widget-wrap elementor-element-populated\">\n\t\t\t\t\t\t<div class=\"elementor-element elementor-element-4d23bbc0 xb-mission elementor-position-top elementor-widget elementor-widget-image-box\" data-id=\"4d23bbc0\" data-element_type=\"widget\" data-widget_type=\"image-box.default\">\n\t\t\t\t<div class=\"elementor-widget-container\">\n\t\t\t\t\t<div class=\"elementor-image-box-wrapper\"><figure class=\"elementor-image-box-img\"><img decoding=\"async\" src=\"https:\/\/caglacelik.com\/wp-content\/uploads\/2023\/12\/ms_01.png\" title=\"ms_01.png\" alt=\"ms_01.png\" loading=\"lazy\" \/><\/figure><div class=\"elementor-image-box-content\"><h3 class=\"elementor-image-box-title\">Misyonum<\/h3><p class=\"elementor-image-box-description\">Dan\u0131\u015fanlar\u0131ma g\u00fcvenli, anlay\u0131\u015fl\u0131 ve etik bir ortam sunarak, duygusal ve zihinsel fark\u0131ndal\u0131klar\u0131n\u0131 art\u0131rmalar\u0131na yard\u0131mc\u0131 oluyorum.\n\n<\/p><\/div><\/div>\t\t\t\t<\/div>\n\t\t\t\t<\/div>\n\t\t\t\t\t<\/div>\n\t\t<\/div>\n\t\t\t\t<div class=\"elementor-column elementor-col-33 elementor-top-column elementor-element elementor-element-21ca2c28\" data-id=\"21ca2c28\" data-element_type=\"column\">\n\t\t\t<div class=\"elementor-widget-wrap elementor-element-populated\">\n\t\t\t\t\t\t<div class=\"elementor-element elementor-element-3d5706fe xb-mission elementor-position-top elementor-widget elementor-widget-image-box\" data-id=\"3d5706fe\" data-element_type=\"widget\" data-widget_type=\"image-box.default\">\n\t\t\t\t<div class=\"elementor-widget-container\">\n\t\t\t\t\t<div class=\"elementor-image-box-wrapper\"><figure class=\"elementor-image-box-img\"><img decoding=\"async\" src=\"https:\/\/caglacelik.com\/wp-content\/uploads\/2023\/12\/ms_02.png\" title=\"ms_02.png\" alt=\"ms_02.png\" loading=\"lazy\" \/><\/figure><div class=\"elementor-image-box-content\"><h3 class=\"elementor-image-box-title\">Vizyonum<\/h3><p class=\"elementor-image-box-description\">Herkesin ihtiya\u00e7 duydu\u011fu anda psikolojik deste\u011fe ula\u015fabilmesi gerekti\u011fine inan\u0131yorum ve bu do\u011frultuda \u00e7al\u0131\u015f\u0131yorum.\n<\/p><\/div><\/div>\t\t\t\t<\/div>\n\t\t\t\t<\/div>\n\t\t\t\t\t<\/div>\n\t\t<\/div>\n\t\t\t\t<div class=\"elementor-column elementor-col-33 elementor-top-column elementor-element elementor-element-45d8672\" data-id=\"45d8672\" data-element_type=\"column\">\n\t\t\t<div class=\"elementor-widget-wrap elementor-element-populated\">\n\t\t\t\t\t\t<div class=\"elementor-element elementor-element-3744afd0 xb-mission elementor-position-top elementor-widget elementor-widget-image-box\" data-id=\"3744afd0\" data-element_type=\"widget\" data-widget_type=\"image-box.default\">\n\t\t\t\t<div class=\"elementor-widget-container\">\n\t\t\t\t\t<div class=\"elementor-image-box-wrapper\"><figure class=\"elementor-image-box-img\"><img decoding=\"async\" src=\"https:\/\/caglacelik.com\/wp-content\/uploads\/2023\/12\/ms_03.png\" title=\"ms_03.png\" alt=\"ms_03.png\" loading=\"lazy\" \/><\/figure><div class=\"elementor-image-box-content\"><h3 class=\"elementor-image-box-title\">Yakla\u015f\u0131m\u0131m<\/h3><p class=\"elementor-image-box-description\">Her bireyin ya\u015fant\u0131s\u0131 e\u015fsizdir. Birlikte y\u00fcr\u00fcyece\u011fimiz bu s\u00fcre\u00e7te \u00f6zg\u00fcnl\u00fc\u011fe sayg\u0131 duyar, kan\u0131ta dayal\u0131 y\u00f6ntemlerle ki\u015fiye \u00f6zel bir yakla\u015f\u0131m sunar\u0131m.<\/p><\/div><\/div>\t\t\t\t<\/div>\n\t\t\t\t<\/div>\n\t\t\t\t\t<\/div>\n\t\t<\/div>\n\t\t\t\t\t<\/div>\n\t\t<\/section>\n\t\t\t\t<section class=\"elementor-section elementor-top-section elementor-element elementor-element-37779b6f elementor-section-full_width elementor-section-height-default elementor-section-height-default\" data-id=\"37779b6f\" data-element_type=\"section\" data-settings=\"{&quot;background_background&quot;:&quot;classic&quot;}\">\n\t\t\t\t\t\t<div class=\"elementor-container elementor-column-gap-no\">\n\t\t\t\t\t<div class=\"elementor-column elementor-col-100 elementor-top-column elementor-element elementor-element-64858a4f\" data-id=\"64858a4f\" data-element_type=\"column\">\n\t\t\t<div class=\"elementor-widget-wrap elementor-element-populated\">\n\t\t\t\t\t\t<section class=\"elementor-section elementor-inner-section elementor-element elementor-element-41d3df87 elementor-section-full_width elementor-section-height-default elementor-section-height-default\" data-id=\"41d3df87\" data-element_type=\"section\">\n\t\t\t\t\t\t<div class=\"elementor-container elementor-column-gap-default\">\n\t\t\t\t\t<div class=\"elementor-column elementor-col-100 elementor-inner-column elementor-element elementor-element-31194bbf\" data-id=\"31194bbf\" data-element_type=\"column\">\n\t\t\t<div class=\"elementor-widget-wrap elementor-element-populated\">\n\t\t\t\t\t\t<div class=\"elementor-element elementor-element-26e3381a elementor-absolute elementor-hidden-tablet elementor-hidden-mobile elementor-widget elementor-widget-int-parallax-image\" data-id=\"26e3381a\" data-element_type=\"widget\" data-settings=\"{&quot;_position&quot;:&quot;absolute&quot;}\" data-widget_type=\"int-parallax-image.default\">\n\t\t\t\t<div class=\"elementor-widget-container\">\n\t\t\t\t\t\r\n        <div class=\"parallax-image\">\r\n            <img decoding=\"async\" data-parallax='{ \"y\":-90  }' src=\"https:\/\/seargin.xpressbuddy.com\/wp-content\/uploads\/2023\/12\/srv_shape1.png\" alt=\"\">\r\n        <\/div>\r\n\r\n        \t\t\t\t<\/div>\n\t\t\t\t<\/div>\n\t\t\t\t<div class=\"elementor-element elementor-element-6f25df00 elementor-absolute elementor-hidden-tablet elementor-hidden-mobile elementor-widget elementor-widget-int-parallax-image\" data-id=\"6f25df00\" data-element_type=\"widget\" data-settings=\"{&quot;_position&quot;:&quot;absolute&quot;}\" data-widget_type=\"int-parallax-image.default\">\n\t\t\t\t<div class=\"elementor-widget-container\">\n\t\t\t\t\t\r\n        <div class=\"parallax-image\">\r\n            <img decoding=\"async\" data-parallax='{ \"y\":90  }' src=\"https:\/\/seargin.xpressbuddy.com\/wp-content\/uploads\/2023\/12\/srv_shape2.png\" alt=\"\">\r\n        <\/div>\r\n\r\n        \t\t\t\t<\/div>\n\t\t\t\t<\/div>\n\t\t\t\t\t<\/div>\n\t\t<\/div>\n\t\t\t\t\t<\/div>\n\t\t<\/section>\n\t\t\t\t\t<\/div>\n\t\t<\/div>\n\t\t\t\t\t<\/div>\n\t\t<\/section>\n\t\t\t\t<\/div>\n\t\t","protected":false},"excerpt":{"rendered":"<p>Hakk\u0131mda Merhaba, ben Psikolog \u00c7a\u011fla \u00c7elik. Ni\u015fanta\u015f\u0131 \u00dcniversitesi Psikoloji B\u00f6l\u00fcm\u00fc (\u0130ngilizce) mezunuyum. Psikoloji alan\u0131nda ald\u0131\u011f\u0131m \u00e7e\u015fitli e\u011fitimler ve sertifikalarla, ki\u015fisel geli\u015fim ve ruh sa\u011fl\u0131\u011f\u0131 konular\u0131nda dan\u0131\u015fmanl\u0131k hizmeti sunuyorum. Dan\u0131\u015fanlar\u0131m\u0131 olduklar\u0131 gibi kabul ediyor, ihtiya\u00e7lar\u0131n\u0131 dikkatle dinliyor ve g\u00fcvenli, destekleyici bir ortam yaratmaya \u00f6zen g\u00f6steriyorum. Her insan\u0131n kendine \u00f6zg\u00fc bir hik\u00e2yesi oldu\u011funa inan\u0131yor, bu yolculukta onlara [&hellip;]<\/p>\n","protected":false},"author":1,"featured_media":0,"parent":0,"menu_order":1,"comment_status":"closed","ping_status":"closed","template":"seargin-template.php","meta":{"inline_featured_image":false,"footnotes":""},"class_list":["post-20","page","type-page","status-publish","hentry"],"_links":{"self":[{"href":"https:\/\/caglacelik.com\/tr_tr\/wp-json\/wp\/v2\/pages\/20","targetHints":{"allow":["GET"]}}],"collection":[{"href":"https:\/\/caglacelik.com\/tr_tr\/wp-json\/wp\/v2\/pages"}],"about":[{"href":"https:\/\/caglacelik.com\/tr_tr\/wp-json\/wp\/v2\/types\/page"}],"author":[{"embeddable":true,"href":"https:\/\/caglacelik.com\/tr_tr\/wp-json\/wp\/v2\/users\/1"}],"replies":[{"embeddable":true,"href":"https:\/\/caglacelik.com\/tr_tr\/wp-json\/wp\/v2\/comments?post=20"}],"version-history":[{"count":9,"href":"https:\/\/caglacelik.com\/tr_tr\/wp-json\/wp\/v2\/pages\/20\/revisions"}],"predecessor-version":[{"id":1608,"href":"https:\/\/caglacelik.com\/tr_tr\/wp-json\/wp\/v2\/pages\/20\/revisions\/1608"}],"wp:attachment":[{"href":"https:\/\/caglacelik.com\/tr_tr\/wp-json\/wp\/v2\/media?parent=20"}],"curies":[{"name":"wp","href":"https:\/\/api.w.org\/{rel}","templated":true}]}}